{"id":41701,"date":"2025-01-14T17:57:08","date_gmt":"2025-01-14T17:57:08","guid":{"rendered":"https:\/\/theme-dev.cmsmasters.net\/harmony-care\/?page_id=41701"},"modified":"2025-08-06T14:43:21","modified_gmt":"2025-08-06T12:43:21","slug":"our-services","status":"publish","type":"page","link":"https:\/\/www.gdbs-provence.fr\/?page_id=41701","title":{"rendered":"Our Services"},"content":{"rendered":"\t\t<div data-elementor-type=\"wp-page\" data-elementor-id=\"41701\" class=\"elementor elementor-41701\">\n\t\t\t\t<div class=\"elementor-element elementor-element-008b40c e-con-full e-flex cmsmasters-block-default e-con e-parent\" data-id=\"008b40c\" data-element_type=\"container\" data-e-type=\"container\">\n\t\t<div class=\"elementor-element elementor-element-73f3ac4 e-con-full e-flex cmsmasters-block-default e-con e-child\" data-id=\"73f3ac4\" data-element_type=\"container\" data-e-type=\"container\" data-settings=\"{&quot;background_background&quot;:&quot;classic&quot;}\">\n\t\t\t\t<div class=\"elementor-element elementor-element-33c6ce8 cmsmasters-block-default cmsmasters-sticky-default elementor-widget elementor-widget-heading\" data-id=\"33c6ce8\" data-element_type=\"widget\" data-e-type=\"widget\" data-widget_type=\"heading.default\">\n\t\t\t\t<div class=\"elementor-widget-container\">\n\t\t\t\t\t<h1 class=\"elementor-heading-title elementor-size-default\">Nos services<\/h1>\t\t\t\t<\/div>\n\t\t\t\t<\/div>\n\t\t\t\t<div class=\"elementor-element elementor-element-8797838 elementor-widget__width-initial cmsmasters-block-default cmsmasters-sticky-default elementor-widget elementor-widget-text-editor\" data-id=\"8797838\" data-element_type=\"widget\" data-e-type=\"widget\" data-widget_type=\"text-editor.default\">\n\t\t\t\t<div class=\"elementor-widget-container\">\n\t\t\t\t\t\t\t\t\t<p>Vous \u00eates soucieux d\u2019un service d\u2019exception et recherchez un service de nettoyage professionnel et de blanchisserie en Provence Verte ?<\/p><p>\u00a0<\/p><p><em><strong>GDBS Provence<\/strong><\/em> est votre partenaire de confiance.<\/p><p>\u00a0<\/p><p>D\u00e9couvrez nos prestations sur mesure en nettoyage professionnel et blanchisserie haut de gamme, sp\u00e9cialement con\u00e7us pour les <strong>h\u00f4tels<\/strong>, <strong>entreprises<\/strong>, <strong>r\u00e9sidences touristiques<\/strong> et<strong> locations saisonni\u00e8res<\/strong>.<\/p>\t\t\t\t\t\t\t\t<\/div>\n\t\t\t\t<\/div>\n\t\t\t\t<\/div>\n\t\t<div class=\"elementor-element elementor-element-9f673c5 e-con-full e-flex cmsmasters-bg-hide-none cmsmasters-bg-hide-none cmsmasters-block-default e-con e-child\" data-id=\"9f673c5\" data-element_type=\"container\" data-e-type=\"container\" data-settings=\"{&quot;background_background&quot;:&quot;classic&quot;}\">\n\t\t\t\t<div class=\"elementor-element elementor-element-cc715fa cmsmasters-block-default cmsmasters-sticky-default elementor-widget elementor-widget-spacer\" data-id=\"cc715fa\" data-element_type=\"widget\" data-e-type=\"widget\" data-widget_type=\"spacer.default\">\n\t\t\t\t<div class=\"elementor-widget-container\">\n\t\t\t\t\t\t\t<div class=\"elementor-spacer\">\n\t\t\t<div class=\"elementor-spacer-inner\"><\/div>\n\t\t<\/div>\n\t\t\t\t\t\t<\/div>\n\t\t\t\t<\/div>\n\t\t\t\t<\/div>\n\t\t\t\t<\/div>\n\t\t<div class=\"elementor-element elementor-element-c398073 e-flex e-con-boxed cmsmasters-block-default e-con e-parent\" data-id=\"c398073\" data-element_type=\"container\" data-e-type=\"container\">\n\t\t\t\t\t<div class=\"e-con-inner\">\n\t\t<div class=\"elementor-element elementor-element-4ecdb5a e-con-full e-flex cmsmasters-block-default e-con e-child\" data-id=\"4ecdb5a\" data-element_type=\"container\" data-e-type=\"container\">\n\t\t\t\t<div class=\"elementor-element elementor-element-df9d44b cmsmasters-block-default cmsmasters-sticky-default elementor-widget elementor-widget-heading\" data-id=\"df9d44b\" data-element_type=\"widget\" data-e-type=\"widget\" data-widget_type=\"heading.default\">\n\t\t\t\t<div class=\"elementor-widget-container\">\n\t\t\t\t\t<h2 class=\"elementor-heading-title elementor-size-default\">Des prestations haut de gamme pour un service irr\u00e9prochable<\/h2>\t\t\t\t<\/div>\n\t\t\t\t<\/div>\n\t\t\t\t<\/div>\n\t\t<div class=\"elementor-element elementor-element-99c6731 e-con-full e-flex cmsmasters-block-default e-con e-child\" data-id=\"99c6731\" data-element_type=\"container\" data-e-type=\"container\">\n\t\t\t\t<div class=\"elementor-element elementor-element-78475d8 cmsmasters-block-default cmsmasters-sticky-default elementor-widget elementor-widget-text-editor\" data-id=\"78475d8\" data-element_type=\"widget\" data-e-type=\"widget\" data-widget_type=\"text-editor.default\">\n\t\t\t\t<div class=\"elementor-widget-container\">\n\t\t\t\t\t\t\t\t\t<p>Gr\u00e2ce \u00e0 une expertise et un savoir-faire issus du secteur h\u00f4telier, <em><strong>GDBS Provence<\/strong><\/em> vous garantit des prestations adapt\u00e9es \u00e0 vos besoins sp\u00e9cifiques. Que ce soit pour l\u2019entretien r\u00e9gulier de vos espaces professionnels, le nettoyage approfondi de vos locations saisonni\u00e8res ou un service de blanchisserie premium, nous mettons un point d\u2019honneur \u00e0 allier qualit\u00e9 irr\u00e9prochable, flexibilit\u00e9 et engagement \u00e9coresponsable.<\/p>\t\t\t\t\t\t\t\t<\/div>\n\t\t\t\t<\/div>\n\t\t\t\t<\/div>\n\t\t<div class=\"elementor-element elementor-element-92c73da e-con-full e-flex cmsmasters-block-default e-con e-child\" data-id=\"92c73da\" data-element_type=\"container\" data-e-type=\"container\">\n\t\t\t\t<div class=\"elementor-element elementor-element-9c8c7bf cmsmasters-block-default cmsmasters-sticky-default elementor-widget elementor-widget-spacer\" data-id=\"9c8c7bf\" data-element_type=\"widget\" data-e-type=\"widget\" data-widget_type=\"spacer.default\">\n\t\t\t\t<div class=\"elementor-widget-container\">\n\t\t\t\t\t\t\t<div class=\"elementor-spacer\">\n\t\t\t<div class=\"elementor-spacer-inner\"><\/div>\n\t\t<\/div>\n\t\t\t\t\t\t<\/div>\n\t\t\t\t<\/div>\n\t\t\t\t<\/div>\n\t\t\t\t\t<\/div>\n\t\t\t\t<\/div>\n\t\t<div class=\"elementor-element elementor-element-4ad1eade e-grid e-con-boxed cmsmasters-block-default e-con e-parent\" data-id=\"4ad1eade\" data-element_type=\"container\" data-e-type=\"container\">\n\t\t\t\t\t<div class=\"e-con-inner\">\n\t\t\t\t<div class=\"elementor-element elementor-element-13798f5a cmsmasters-featured-box__image_fit-cover cmsmasters-featured-box__link-box cmsmasters-effect cmsmasters-effect-type-transform cmsmasters-featured-box__graphic-align-center cmsmasters-featured-box__graphic-position-column cmsmasters-featured-box__graphic-position-tablet-column cmsmasters-featured-box__graphic-position-mobile-column cmsmasters-featured-box__text-valign-middle cmsmasters-effect-hover-type-element cmsmasters-block-default cmsmasters-sticky-default elementor-invisible elementor-widget elementor-widget-cmsmasters-featured-box\" data-id=\"13798f5a\" data-element_type=\"widget\" data-e-type=\"widget\" data-settings=\"{&quot;_animation&quot;:&quot;fadeInUp&quot;,&quot;cms_transform_hover_type&quot;:&quot;element&quot;}\" data-widget_type=\"cmsmasters-featured-box.default\">\n\t\t\t\t<div class=\"elementor-widget-container\">\n\t\t\t\t\t<a href=\"https:\/\/www.gdbs-provence.fr\/?page_id=43429\" class=\"elementor-widget-cmsmasters-featured-box__wrapper\"><div class=\"elementor-widget-cmsmasters-featured-box__content\">\n\t\t\t\t<div class=\"elementor-widget-cmsmasters-featured-box__content-vertical-inner\"><div class=\"elementor-widget-cmsmasters-featured-box__graphic-wrapper elementor-widget-cmsmasters-featured-box__content-item elementor-widget-cmsmasters-featured-box__image\"><h2 class=\"elementor-widget-cmsmasters-featured-box__title elementor-widget-cmsmasters-featured-box__content-item\">Blanchisserie<\/h2><figure class=\"elementor-widget-cmsmasters-featured-box__image-wrap elementor-widget-cmsmasters-featured-box__graphic-item\"><img fetchpriority=\"high\" decoding=\"async\" width=\"768\" height=\"1024\" src=\"https:\/\/www.gdbs-provence.fr\/wp-content\/uploads\/2025\/08\/IMG_5451-768x1024.jpg\" class=\"attachment-medium_large size-medium_large wp-image-43565\" alt=\"\" srcset=\"https:\/\/www.gdbs-provence.fr\/wp-content\/uploads\/2025\/08\/IMG_5451-768x1024.jpg 768w, https:\/\/www.gdbs-provence.fr\/wp-content\/uploads\/2025\/08\/IMG_5451-225x300.jpg 225w, https:\/\/www.gdbs-provence.fr\/wp-content\/uploads\/2025\/08\/IMG_5451-1152x1536.jpg 1152w, https:\/\/www.gdbs-provence.fr\/wp-content\/uploads\/2025\/08\/IMG_5451-1536x2048.jpg 1536w, https:\/\/www.gdbs-provence.fr\/wp-content\/uploads\/2025\/08\/IMG_5451-scaled.jpg 1920w\" sizes=\"(max-width: 768px) 100vw, 768px\" \/><\/figure><\/div><div class=\"elementor-widget-cmsmasters-featured-box__type-wrap elementor-widget-cmsmasters-featured-box__content-item\"><h2 class=\"elementor-widget-cmsmasters-featured-box__title elementor-widget-cmsmasters-featured-box__content-item\">Blanchisserie<\/h2><\/div>\n\t\t\t\t<\/div>\n\t\t\t<\/div>\n\t\t<\/a>\t\t\t\t<\/div>\n\t\t\t\t<\/div>\n\t\t\t\t<div class=\"elementor-element elementor-element-36ba0f4e cmsmasters-featured-box__image_fit-cover cmsmasters-featured-box__link-box cmsmasters-effect cmsmasters-effect-type-transform cmsmasters-featured-box__graphic-align-center cmsmasters-featured-box__graphic-position-column cmsmasters-featured-box__graphic-position-tablet-column cmsmasters-featured-box__graphic-position-mobile-column cmsmasters-featured-box__text-valign-middle cmsmasters-effect-hover-type-element cmsmasters-block-default cmsmasters-sticky-default elementor-invisible elementor-widget elementor-widget-cmsmasters-featured-box\" data-id=\"36ba0f4e\" data-element_type=\"widget\" data-e-type=\"widget\" data-settings=\"{&quot;_animation&quot;:&quot;fadeInUp&quot;,&quot;_animation_delay&quot;:150,&quot;cms_transform_hover_type&quot;:&quot;element&quot;}\" data-widget_type=\"cmsmasters-featured-box.default\">\n\t\t\t\t<div class=\"elementor-widget-container\">\n\t\t\t\t\t<a href=\"https:\/\/www.gdbs-provence.fr\/?page_id=43495\" class=\"elementor-widget-cmsmasters-featured-box__wrapper\"><div class=\"elementor-widget-cmsmasters-featured-box__content\">\n\t\t\t\t<div class=\"elementor-widget-cmsmasters-featured-box__content-vertical-inner\"><div class=\"elementor-widget-cmsmasters-featured-box__graphic-wrapper elementor-widget-cmsmasters-featured-box__content-item elementor-widget-cmsmasters-featured-box__image\"><h2 class=\"elementor-widget-cmsmasters-featured-box__title elementor-widget-cmsmasters-featured-box__content-item\">Nettoyage<\/h2><figure class=\"elementor-widget-cmsmasters-featured-box__image-wrap elementor-widget-cmsmasters-featured-box__graphic-item\"><img decoding=\"async\" width=\"768\" height=\"1024\" src=\"https:\/\/www.gdbs-provence.fr\/wp-content\/uploads\/2025\/07\/IMG_5891-768x1024.jpg\" class=\"attachment-medium_large size-medium_large wp-image-43453\" alt=\"\" srcset=\"https:\/\/www.gdbs-provence.fr\/wp-content\/uploads\/2025\/07\/IMG_5891-768x1024.jpg 768w, https:\/\/www.gdbs-provence.fr\/wp-content\/uploads\/2025\/07\/IMG_5891-225x300.jpg 225w, https:\/\/www.gdbs-provence.fr\/wp-content\/uploads\/2025\/07\/IMG_5891-1152x1536.jpg 1152w, https:\/\/www.gdbs-provence.fr\/wp-content\/uploads\/2025\/07\/IMG_5891-1536x2048.jpg 1536w, https:\/\/www.gdbs-provence.fr\/wp-content\/uploads\/2025\/07\/IMG_5891-600x800.jpg 600w, https:\/\/www.gdbs-provence.fr\/wp-content\/uploads\/2025\/07\/IMG_5891-scaled.jpg 1920w\" sizes=\"(max-width: 768px) 100vw, 768px\" \/><\/figure><\/div><div class=\"elementor-widget-cmsmasters-featured-box__type-wrap elementor-widget-cmsmasters-featured-box__content-item\"><h2 class=\"elementor-widget-cmsmasters-featured-box__title elementor-widget-cmsmasters-featured-box__content-item\">Nettoyage<\/h2><\/div>\n\t\t\t\t<\/div>\n\t\t\t<\/div>\n\t\t<\/a>\t\t\t\t<\/div>\n\t\t\t\t<\/div>\n\t\t\t\t<div class=\"elementor-element elementor-element-7a1a96b0 cmsmasters-featured-box__image_fit-cover cmsmasters-featured-box__link-box cmsmasters-effect cmsmasters-effect-type-transform cmsmasters-featured-box__graphic-align-center cmsmasters-featured-box__graphic-position-column cmsmasters-featured-box__graphic-position-tablet-column cmsmasters-featured-box__graphic-position-mobile-column cmsmasters-featured-box__text-valign-middle cmsmasters-effect-hover-type-element cmsmasters-block-default cmsmasters-sticky-default elementor-invisible elementor-widget elementor-widget-cmsmasters-featured-box\" data-id=\"7a1a96b0\" data-element_type=\"widget\" data-e-type=\"widget\" data-settings=\"{&quot;_animation&quot;:&quot;fadeInUp&quot;,&quot;_animation_delay&quot;:300,&quot;cms_transform_hover_type&quot;:&quot;element&quot;}\" data-widget_type=\"cmsmasters-featured-box.default\">\n\t\t\t\t<div class=\"elementor-widget-container\">\n\t\t\t\t\t<a href=\"https:\/\/www.gdbs-provence.fr\/?page_id=43561\" class=\"elementor-widget-cmsmasters-featured-box__wrapper\"><div class=\"elementor-widget-cmsmasters-featured-box__content\">\n\t\t\t\t<div class=\"elementor-widget-cmsmasters-featured-box__content-vertical-inner\"><div class=\"elementor-widget-cmsmasters-featured-box__graphic-wrapper elementor-widget-cmsmasters-featured-box__content-item elementor-widget-cmsmasters-featured-box__image\"><h2 class=\"elementor-widget-cmsmasters-featured-box__title elementor-widget-cmsmasters-featured-box__content-item\">Location de linge<\/h2><figure class=\"elementor-widget-cmsmasters-featured-box__image-wrap elementor-widget-cmsmasters-featured-box__graphic-item\"><img decoding=\"async\" width=\"768\" height=\"1024\" src=\"https:\/\/www.gdbs-provence.fr\/wp-content\/uploads\/2025\/07\/IMG_5497-2-768x1024.jpg\" class=\"attachment-medium_large size-medium_large wp-image-43448\" alt=\"\" srcset=\"https:\/\/www.gdbs-provence.fr\/wp-content\/uploads\/2025\/07\/IMG_5497-2-768x1024.jpg 768w, https:\/\/www.gdbs-provence.fr\/wp-content\/uploads\/2025\/07\/IMG_5497-2-225x300.jpg 225w, https:\/\/www.gdbs-provence.fr\/wp-content\/uploads\/2025\/07\/IMG_5497-2-1152x1536.jpg 1152w, https:\/\/www.gdbs-provence.fr\/wp-content\/uploads\/2025\/07\/IMG_5497-2-1536x2048.jpg 1536w, https:\/\/www.gdbs-provence.fr\/wp-content\/uploads\/2025\/07\/IMG_5497-2-600x800.jpg 600w, https:\/\/www.gdbs-provence.fr\/wp-content\/uploads\/2025\/07\/IMG_5497-2-scaled.jpg 1920w\" sizes=\"(max-width: 768px) 100vw, 768px\" \/><\/figure><\/div><div class=\"elementor-widget-cmsmasters-featured-box__type-wrap elementor-widget-cmsmasters-featured-box__content-item\"><h2 class=\"elementor-widget-cmsmasters-featured-box__title elementor-widget-cmsmasters-featured-box__content-item\">Location de linge<\/h2><\/div>\n\t\t\t\t<\/div>\n\t\t\t<\/div>\n\t\t<\/a>\t\t\t\t<\/div>\n\t\t\t\t<\/div>\n\t\t\t\t\t<\/div>\n\t\t\t\t<\/div>\n\t\t\t\t<\/div>\n\t\t","protected":false},"excerpt":{"rendered":"<p>Nos services Vous \u00eates soucieux d\u2019un service d\u2019exception et recherchez un service de nettoyage professionnel et de blanchisserie en Provence Verte ? \u00a0 GDBS Provence est votre partenaire de confiance. \u00a0 D\u00e9couvrez nos prestations sur mesure en nettoyage professionnel et blanchisserie haut de gamme, sp\u00e9cialement con\u00e7us pour les h\u00f4tels, entreprises, r\u00e9sidences touristiques et locations saisonni\u00e8res&#8230;.<\/p>\n","protected":false},"author":1,"featured_media":0,"parent":0,"menu_order":0,"comment_status":"closed","ping_status":"closed","template":"","meta":{"_acf_changed":false,"footnotes":""},"class_list":["post-41701","page","type-page","status-publish","hentry"],"acf":[],"_links":{"self":[{"href":"https:\/\/www.gdbs-provence.fr\/index.php?rest_route=\/wp\/v2\/pages\/41701","targetHints":{"allow":["GET"]}}],"collection":[{"href":"https:\/\/www.gdbs-provence.fr\/index.php?rest_route=\/wp\/v2\/pages"}],"about":[{"href":"https:\/\/www.gdbs-provence.fr\/index.php?rest_route=\/wp\/v2\/types\/page"}],"author":[{"embeddable":true,"href":"https:\/\/www.gdbs-provence.fr\/index.php?rest_route=\/wp\/v2\/users\/1"}],"replies":[{"embeddable":true,"href":"https:\/\/www.gdbs-provence.fr\/index.php?rest_route=%2Fwp%2Fv2%2Fcomments&post=41701"}],"version-history":[{"count":7,"href":"https:\/\/www.gdbs-provence.fr\/index.php?rest_route=\/wp\/v2\/pages\/41701\/revisions"}],"predecessor-version":[{"id":43622,"href":"https:\/\/www.gdbs-provence.fr\/index.php?rest_route=\/wp\/v2\/pages\/41701\/revisions\/43622"}],"wp:attachment":[{"href":"https:\/\/www.gdbs-provence.fr\/index.php?rest_route=%2Fwp%2Fv2%2Fmedia&parent=41701"}],"curies":[{"name":"wp","href":"https:\/\/api.w.org\/{rel}","templated":true}]}}