{"id":41951,"date":"2025-01-20T13:41:43","date_gmt":"2025-01-20T13:41:43","guid":{"rendered":"https:\/\/theme-dev.cmsmasters.net\/harmony-care\/?page_id=41951"},"modified":"2025-08-06T08:16:03","modified_gmt":"2025-08-06T06:16:03","slug":"about-us","status":"publish","type":"page","link":"https:\/\/www.gdbs-provence.fr\/?page_id=41951","title":{"rendered":"\u00e0 propos"},"content":{"rendered":"\t\t<div data-elementor-type=\"wp-page\" data-elementor-id=\"41951\" class=\"elementor elementor-41951\">\n\t\t\t\t<div class=\"elementor-element elementor-element-52b0072 e-con-full e-flex cmsmasters-block-default e-con e-parent\" data-id=\"52b0072\" data-element_type=\"container\" data-e-type=\"container\">\n\t\t<div class=\"elementor-element elementor-element-f58a34c e-con-full e-flex cmsmasters-bg-hide-none cmsmasters-bg-hide-none cmsmasters-block-default e-con e-child\" data-id=\"f58a34c\" data-element_type=\"container\" data-e-type=\"container\" data-settings=\"{&quot;background_background&quot;:&quot;classic&quot;}\">\n\t\t\t\t<\/div>\n\t\t<div class=\"elementor-element elementor-element-cda2196 e-con-full e-flex cmsmasters-block-default e-con e-child\" data-id=\"cda2196\" data-element_type=\"container\" data-e-type=\"container\" data-settings=\"{&quot;background_background&quot;:&quot;classic&quot;}\">\n\t\t\t\t<div class=\"elementor-element elementor-element-e588e61 cmsmasters-block-default cmsmasters-sticky-default elementor-widget elementor-widget-heading\" data-id=\"e588e61\" data-element_type=\"widget\" data-e-type=\"widget\" data-widget_type=\"heading.default\">\n\t\t\t\t<div class=\"elementor-widget-container\">\n\t\t\t\t\t<h6 class=\"elementor-heading-title elementor-size-default\">Nos engagements : qualit\u00e9, flexibilit\u00e9 et transparence<\/h6>\t\t\t\t<\/div>\n\t\t\t\t<\/div>\n\t\t\t\t<div class=\"elementor-element elementor-element-d68b3a9 elementor-widget__width-initial cmsmasters-block-default cmsmasters-sticky-default elementor-widget elementor-widget-heading\" data-id=\"d68b3a9\" data-element_type=\"widget\" data-e-type=\"widget\" data-widget_type=\"heading.default\">\n\t\t\t\t<div class=\"elementor-widget-container\">\n\t\t\t\t\t<h1 class=\"elementor-heading-title elementor-size-default\">Votre partenaire en nettoyage et blanchisserie <\/h1>\t\t\t\t<\/div>\n\t\t\t\t<\/div>\n\t\t\t\t<div class=\"elementor-element elementor-element-47cd2eb cmsmasters-block-default cmsmasters-sticky-default elementor-widget elementor-widget-text-editor\" data-id=\"47cd2eb\" data-element_type=\"widget\" data-e-type=\"widget\" data-widget_type=\"text-editor.default\">\n\t\t\t\t<div class=\"elementor-widget-container\">\n\t\t\t\t\t\t\t\t\t<p>Cr\u00e9\u00e9e en 2010, GDBS Provence est une entreprise familiale passionn\u00e9e par l\u2019art de la propret\u00e9 et du soin du linge. Avec plus de 15 ann\u00e9es d\u2019exp\u00e9rience dans le secteur de l\u2019h\u00f4tellerie et du tourisme, nous avons d\u00e9velopp\u00e9 un savoir-faire unique pour offrir \u00e0 nos clients des services haut de gamme, adapt\u00e9s aux besoins des professionnels comme des particuliers.<\/p>\t\t\t\t\t\t\t\t<\/div>\n\t\t\t\t<\/div>\n\t\t\t\t<\/div>\n\t\t\t\t<\/div>\n\t\t<div class=\"elementor-element elementor-element-68fe256 e-flex e-con-boxed cmsmasters-block-default e-con e-parent\" data-id=\"68fe256\" data-element_type=\"container\" data-e-type=\"container\">\n\t\t\t\t\t<div class=\"e-con-inner\">\n\t\t<div class=\"elementor-element elementor-element-7bb951a e-con-full e-flex cmsmasters-block-default e-con e-child\" data-id=\"7bb951a\" data-element_type=\"container\" data-e-type=\"container\">\n\t\t<div class=\"elementor-element elementor-element-1779b56 e-con-full e-flex cmsmasters-block-default e-con e-child\" data-id=\"1779b56\" data-element_type=\"container\" data-e-type=\"container\">\n\t\t\t\t<div class=\"elementor-element elementor-element-9870d4b cmsmasters-block-default cmsmasters-sticky-default elementor-widget elementor-widget-heading\" data-id=\"9870d4b\" data-element_type=\"widget\" data-e-type=\"widget\" data-widget_type=\"heading.default\">\n\t\t\t\t<div class=\"elementor-widget-container\">\n\t\t\t\t\t<h2 class=\"elementor-heading-title elementor-size-default\">Histoire<\/h2>\t\t\t\t<\/div>\n\t\t\t\t<\/div>\n\t\t\t\t<div class=\"elementor-element elementor-element-602b946 elementor-widget__width-initial cmsmasters-block-default cmsmasters-sticky-default elementor-widget elementor-widget-text-editor\" data-id=\"602b946\" data-element_type=\"widget\" data-e-type=\"widget\" data-widget_type=\"text-editor.default\">\n\t\t\t\t<div class=\"elementor-widget-container\">\n\t\t\t\t\t\t\t\t\t<p>Notre histoire repose sur une ambition simple mais forte : r\u00e9inventer les standards du nettoyage et de la blanchisserie en provence, en alliant qualit\u00e9 irr\u00e9prochable, flexibilit\u00e9 et \u00e9coresponsabilit\u00e9.<\/p><p>Install\u00e9e \u00e0 Cotignac, <strong><em>GDBS Provence<\/em><\/strong> conna\u00eet parfaitement les sp\u00e9cificit\u00e9s de ce territoire riche en tourisme et en activit\u00e9s saisonni\u00e8res.<br \/>Gr\u00e2ce \u00e0 notre proximit\u00e9 avec les acteurs locaux, nous sommes en mesure de r\u00e9pondre rapidement et efficacement aux besoins des h\u00f4tels, restaurants, r\u00e9sidences de vacances et particuliers situ\u00e9s dans cette magnifique r\u00e9gion.<\/p><p><strong>Notre mission<\/strong> : garantir des espaces soign\u00e9s et un linge d\u2019une propret\u00e9 irr\u00e9prochable, afin d\u2019apporter confort et s\u00e9r\u00e9nit\u00e9 \u00e0 nos clients.<\/p>\t\t\t\t\t\t\t\t<\/div>\n\t\t\t\t<\/div>\n\t\t\t\t<\/div>\n\t\t\t\t<\/div>\n\t\t<div class=\"elementor-element elementor-element-7091c97 e-con-full e-flex cmsmasters-bg-hide-none cmsmasters-bg-hide-none cmsmasters-block-default e-con e-child\" data-id=\"7091c97\" data-element_type=\"container\" data-e-type=\"container\" data-settings=\"{&quot;background_background&quot;:&quot;classic&quot;}\">\n\t\t\t\t<\/div>\n\t\t\t\t\t<\/div>\n\t\t\t\t<\/div>\n\t\t<div class=\"elementor-element elementor-element-05490dd e-flex e-con-boxed cmsmasters-block-default e-con e-parent\" data-id=\"05490dd\" data-element_type=\"container\" data-e-type=\"container\" data-settings=\"{&quot;background_background&quot;:&quot;classic&quot;}\">\n\t\t\t\t\t<div class=\"e-con-inner\">\n\t\t\t\t<div class=\"elementor-element elementor-element-9a9a82c cmsmasters-block-default cmsmasters-sticky-default elementor-widget elementor-widget-heading\" data-id=\"9a9a82c\" data-element_type=\"widget\" data-e-type=\"widget\" data-widget_type=\"heading.default\">\n\t\t\t\t<div class=\"elementor-widget-container\">\n\t\t\t\t\t<h2 class=\"elementor-heading-title elementor-size-default\">Notre promesse <\/h2>\t\t\t\t<\/div>\n\t\t\t\t<\/div>\n\t\t\t\t<div class=\"elementor-element elementor-element-bac1155 cmsmasters-block-default cmsmasters-sticky-default elementor-widget elementor-widget-text-editor\" data-id=\"bac1155\" data-element_type=\"widget\" data-e-type=\"widget\" data-widget_type=\"text-editor.default\">\n\t\t\t\t<div class=\"elementor-widget-container\">\n\t\t\t\t\t\t\t\t\t<p>Intervenir avec professionnalisme et respect, tout en pr\u00e9servant l\u2019anonymat et l\u2019intimit\u00e9 de nos clients<\/p>\t\t\t\t\t\t\t\t<\/div>\n\t\t\t\t<\/div>\n\t\t\t\t<div class=\"elementor-element elementor-element-5ec8d11 cmsmasters-title-alignment-left cmsmasters-item-icon-position-left cmsmasters-trigger-icon-view-default cmsmasters-block-default cmsmasters-sticky-default elementor-widget elementor-widget-cmsmasters-toggles cmsmasters-widget-toggles\" data-id=\"5ec8d11\" data-element_type=\"widget\" data-e-type=\"widget\" data-settings=\"{&quot;toggles&quot;:[{&quot;toggle_title&quot;:&quot;\\u2022\\tUne \\u00e9quipe form\\u00e9e \\u00e0 la confidentialit\\u00e9 &quot;,&quot;toggle_content&quot;:&quot;&lt;p&gt;Tous nos collaborateurs sont sensibilis\\u00e9s aux enjeux de discr\\u00e9tion et adoptent des comportements respectueux et discrets lors de chaque intervention.&lt;\\\/p&gt;&quot;,&quot;_id&quot;:&quot;e028a4d&quot;,&quot;content_type&quot;:&quot;toggle-content&quot;,&quot;saved_section&quot;:null,&quot;item_icon&quot;:{&quot;value&quot;:&quot;&quot;,&quot;library&quot;:&quot;&quot;},&quot;toggle_custom_id&quot;:&quot;&quot;},{&quot;toggle_title&quot;:&quot;\\u2022\\tAucune information partag\\u00e9e &quot;,&quot;toggle_content&quot;:&quot;&lt;p&gt;Nous ne communiquons jamais les d\\u00e9tails de nos prestations ou l\\u2019identit\\u00e9 de nos clients, qu\\u2019il s\\u2019agisse de particuliers ou d\\u2019\\u00e9tablissements prestigieux.&lt;\\\/p&gt;&quot;,&quot;_id&quot;:&quot;9f869a4&quot;,&quot;content_type&quot;:&quot;toggle-content&quot;,&quot;saved_section&quot;:null,&quot;item_icon&quot;:{&quot;value&quot;:&quot;&quot;,&quot;library&quot;:&quot;&quot;},&quot;toggle_custom_id&quot;:&quot;&quot;},{&quot;_id&quot;:&quot;bf1a876&quot;,&quot;toggle_title&quot;:&quot;\\u2022\\tDes interventions ma\\u00eetris\\u00e9s &quot;,&quot;toggle_content&quot;:&quot;&lt;p&gt;Nous nous adaptons \\u00e0 vos horaires et \\u00e0 vos exigences pour garantir des services fluides, sans perturber votre quotidien ou celui de vos clients.&lt;\\\/p&gt;&quot;,&quot;content_type&quot;:&quot;toggle-content&quot;,&quot;saved_section&quot;:null,&quot;item_icon&quot;:{&quot;value&quot;:&quot;&quot;,&quot;library&quot;:&quot;&quot;},&quot;toggle_custom_id&quot;:&quot;&quot;}],&quot;type&quot;:&quot;toggles&quot;}\" data-widget_type=\"cmsmasters-toggles.default\">\n\t\t\t\t<div class=\"elementor-widget-container\">\n\t\t\t\t\t<div class=\"elementor-widget-cmsmasters-toggles__list\"><div class=\"elementor-widget-cmsmasters-toggles__item\"><h6 id=\"elementor-tab-title-9931\" class=\"elementor-widget-cmsmasters-toggles__title\" data-tab=\"1\" role=\"button\" tabindex=\"0\"><a class=\"elementor-widget-cmsmasters-toggles__title-link cmsmasters_enable_trigger_icon\" href=\"#\" tabindex=\"-1\"><span class=\"elementor-widget-cmsmasters-toggles__title-text\">\u2022\tUne \u00e9quipe form\u00e9e \u00e0 la confidentialit\u00e9 <\/span><\/a><span class=\"elementor-widget-cmsmasters-toggles__trigger\"><span class=\"elementor-widget-cmsmasters-toggles__trigger-closed\"><i aria-hidden=\"true\" aria-label=\"Closed\" class=\"fas fa-plus\"><\/i><\/span><span class=\"elementor-widget-cmsmasters-toggles__trigger-opened\"><i aria-hidden=\"true\" aria-label=\"Opened\" class=\"fas fa-minus\"><\/i><\/span><\/span><\/h6><div id=\"elementor-widget-cmsmasters-toggles__content-9931\" class=\"elementor-widget-cmsmasters-toggles__content elementor-clearfix\" data-tab=\"1\"><p>Tous nos collaborateurs sont sensibilis\u00e9s aux enjeux de discr\u00e9tion et adoptent des comportements respectueux et discrets lors de chaque intervention.<\/p><\/div><\/div><div class=\"elementor-widget-cmsmasters-toggles__item\"><h6 id=\"elementor-tab-title-9932\" class=\"elementor-widget-cmsmasters-toggles__title\" data-tab=\"2\" role=\"button\" tabindex=\"0\"><a class=\"elementor-widget-cmsmasters-toggles__title-link cmsmasters_enable_trigger_icon\" href=\"#\" tabindex=\"-1\"><span class=\"elementor-widget-cmsmasters-toggles__title-text\">\u2022\tAucune information partag\u00e9e <\/span><\/a><span class=\"elementor-widget-cmsmasters-toggles__trigger\"><span class=\"elementor-widget-cmsmasters-toggles__trigger-closed\"><i aria-hidden=\"true\" aria-label=\"Closed\" class=\"fas fa-plus\"><\/i><\/span><span class=\"elementor-widget-cmsmasters-toggles__trigger-opened\"><i aria-hidden=\"true\" aria-label=\"Opened\" class=\"fas fa-minus\"><\/i><\/span><\/span><\/h6><div id=\"elementor-widget-cmsmasters-toggles__content-9932\" class=\"elementor-widget-cmsmasters-toggles__content elementor-clearfix\" data-tab=\"2\"><p>Nous ne communiquons jamais les d\u00e9tails de nos prestations ou l\u2019identit\u00e9 de nos clients, qu\u2019il s\u2019agisse de particuliers ou d\u2019\u00e9tablissements prestigieux.<\/p><\/div><\/div><div class=\"elementor-widget-cmsmasters-toggles__item\"><h6 id=\"elementor-tab-title-9933\" class=\"elementor-widget-cmsmasters-toggles__title\" data-tab=\"3\" role=\"button\" tabindex=\"0\"><a class=\"elementor-widget-cmsmasters-toggles__title-link cmsmasters_enable_trigger_icon\" href=\"#\" tabindex=\"-1\"><span class=\"elementor-widget-cmsmasters-toggles__title-text\">\u2022\tDes interventions ma\u00eetris\u00e9s <\/span><\/a><span class=\"elementor-widget-cmsmasters-toggles__trigger\"><span class=\"elementor-widget-cmsmasters-toggles__trigger-closed\"><i aria-hidden=\"true\" aria-label=\"Closed\" class=\"fas fa-plus\"><\/i><\/span><span class=\"elementor-widget-cmsmasters-toggles__trigger-opened\"><i aria-hidden=\"true\" aria-label=\"Opened\" class=\"fas fa-minus\"><\/i><\/span><\/span><\/h6><div id=\"elementor-widget-cmsmasters-toggles__content-9933\" class=\"elementor-widget-cmsmasters-toggles__content elementor-clearfix\" data-tab=\"3\"><p>Nous nous adaptons \u00e0 vos horaires et \u00e0 vos exigences pour garantir des services fluides, sans perturber votre quotidien ou celui de vos clients.<\/p><\/div><\/div><\/div>\t\t\t\t<\/div>\n\t\t\t\t<\/div>\n\t\t\t\t\t<\/div>\n\t\t\t\t<\/div>\n\t\t<div class=\"elementor-element elementor-element-05c2190 e-flex e-con-boxed cmsmasters-block-default e-con e-parent\" data-id=\"05c2190\" data-element_type=\"container\" data-e-type=\"container\">\n\t\t\t\t\t<div class=\"e-con-inner\">\n\t\t\t\t<div class=\"elementor-element elementor-element-46f722c cmsmasters-block-default cmsmasters-sticky-default elementor-widget elementor-widget-spacer\" data-id=\"46f722c\" data-element_type=\"widget\" data-e-type=\"widget\" data-widget_type=\"spacer.default\">\n\t\t\t\t<div class=\"elementor-widget-container\">\n\t\t\t\t\t\t\t<div class=\"elementor-spacer\">\n\t\t\t<div class=\"elementor-spacer-inner\"><\/div>\n\t\t<\/div>\n\t\t\t\t\t\t<\/div>\n\t\t\t\t<\/div>\n\t\t<div class=\"elementor-element elementor-element-f56ccda e-con-full e-flex cmsmasters-block-default e-con e-child\" data-id=\"f56ccda\" data-element_type=\"container\" data-e-type=\"container\">\n\t\t\t\t<div class=\"elementor-element elementor-element-1d97c18 cmsmasters-block-default cmsmasters-sticky-default elementor-widget elementor-widget-image\" data-id=\"1d97c18\" data-element_type=\"widget\" data-e-type=\"widget\" data-widget_type=\"image.default\">\n\t\t\t\t<div class=\"elementor-widget-container\">\n\t\t\t\t\t\t\t\t\t\t\t\t\t\t\t<img fetchpriority=\"high\" decoding=\"async\" width=\"1024\" height=\"585\" src=\"https:\/\/www.gdbs-provence.fr\/wp-content\/uploads\/2025\/05\/carte-de-visite-GDBS-1024x585.png\" class=\"attachment-large size-large wp-image-43262\" alt=\"bulles gdbs\" srcset=\"https:\/\/www.gdbs-provence.fr\/wp-content\/uploads\/2025\/05\/carte-de-visite-GDBS-1024x585.png 1024w, https:\/\/www.gdbs-provence.fr\/wp-content\/uploads\/2025\/05\/carte-de-visite-GDBS-300x171.png 300w, https:\/\/www.gdbs-provence.fr\/wp-content\/uploads\/2025\/05\/carte-de-visite-GDBS-768x439.png 768w, https:\/\/www.gdbs-provence.fr\/wp-content\/uploads\/2025\/05\/carte-de-visite-GDBS-525x300.png 525w, https:\/\/www.gdbs-provence.fr\/wp-content\/uploads\/2025\/05\/carte-de-visite-GDBS-600x343.png 600w, https:\/\/www.gdbs-provence.fr\/wp-content\/uploads\/2025\/05\/carte-de-visite-GDBS.png 1050w\" sizes=\"(max-width: 1024px) 100vw, 1024px\" \/>\t\t\t\t\t\t\t\t\t\t\t\t\t\t\t<\/div>\n\t\t\t\t<\/div>\n\t\t\t\t<\/div>\n\t\t<div class=\"elementor-element elementor-element-ddb392a e-con-full e-flex cmsmasters-block-default e-con e-child\" data-id=\"ddb392a\" data-element_type=\"container\" data-e-type=\"container\">\n\t\t\t\t<div class=\"elementor-element elementor-element-008057b cmsmasters-block-default cmsmasters-sticky-default elementor-widget elementor-widget-heading\" data-id=\"008057b\" data-element_type=\"widget\" data-e-type=\"widget\" data-widget_type=\"heading.default\">\n\t\t\t\t<div class=\"elementor-widget-container\">\n\t\t\t\t\t<h2 class=\"elementor-heading-title elementor-size-default\">Une \u00e9quipe engag\u00e9e et passionn\u00e9e<\/h2>\t\t\t\t<\/div>\n\t\t\t\t<\/div>\n\t\t\t\t<div class=\"elementor-element elementor-element-b18f70d cmsmasters-block-default cmsmasters-sticky-default elementor-widget elementor-widget-text-editor\" data-id=\"b18f70d\" data-element_type=\"widget\" data-e-type=\"widget\" data-widget_type=\"text-editor.default\">\n\t\t\t\t<div class=\"elementor-widget-container\">\n\t\t\t\t\t\t\t\t\t<p>Les \u00e9quipes<strong><em> GDBS Provence<\/em><\/strong>, sont compos\u00e9es de professionnels exp\u00e9riment\u00e9s, passionn\u00e9s par leur m\u00e9tier. Chaque membre est form\u00e9 aux derni\u00e8res techniques de nettoyage et de blanchisserie, pour garantir des prestations irr\u00e9prochables, tout en respectant les sp\u00e9cificit\u00e9s de vos espaces ou de vos textiles.<\/p><p><strong>Nos forces :<\/strong><\/p><ul><li>Une rigueur et une organisation qui font la diff\u00e9rence.<\/li><li>Une grande capacit\u00e9 d\u2019adaptation pour r\u00e9pondre \u00e0 des besoins vari\u00e9s, allant de l\u2019entretien quotidien aux interventions exceptionnelles.<\/li><li>Une approche humaine et bienveillante : nous mettons toujours le client au c\u0153ur de nos priorit\u00e9s.<\/li><\/ul>\t\t\t\t\t\t\t\t<\/div>\n\t\t\t\t<\/div>\n\t\t\t\t<\/div>\n\t\t\t\t\t<\/div>\n\t\t\t\t<\/div>\n\t\t\t\t<\/div>\n\t\t","protected":false},"excerpt":{"rendered":"<p>Nos engagements : qualit\u00e9, flexibilit\u00e9 et transparence Votre partenaire en nettoyage et blanchisserie Cr\u00e9\u00e9e en 2010, GDBS Provence est une entreprise familiale passionn\u00e9e par l\u2019art de la propret\u00e9 et du soin du linge. Avec plus de 15 ann\u00e9es d\u2019exp\u00e9rience dans le secteur de l\u2019h\u00f4tellerie et du tourisme, nous avons d\u00e9velopp\u00e9 un savoir-faire unique pour offrir&#8230;<\/p>\n","protected":false},"author":1,"featured_media":0,"parent":0,"menu_order":0,"comment_status":"closed","ping_status":"closed","template":"","meta":{"_acf_changed":false,"footnotes":""},"class_list":["post-41951","page","type-page","status-publish","hentry"],"acf":[],"_links":{"self":[{"href":"https:\/\/www.gdbs-provence.fr\/index.php?rest_route=\/wp\/v2\/pages\/41951","targetHints":{"allow":["GET"]}}],"collection":[{"href":"https:\/\/www.gdbs-provence.fr\/index.php?rest_route=\/wp\/v2\/pages"}],"about":[{"href":"https:\/\/www.gdbs-provence.fr\/index.php?rest_route=\/wp\/v2\/types\/page"}],"author":[{"embeddable":true,"href":"https:\/\/www.gdbs-provence.fr\/index.php?rest_route=\/wp\/v2\/users\/1"}],"replies":[{"embeddable":true,"href":"https:\/\/www.gdbs-provence.fr\/index.php?rest_route=%2Fwp%2Fv2%2Fcomments&post=41951"}],"version-history":[{"count":17,"href":"https:\/\/www.gdbs-provence.fr\/index.php?rest_route=\/wp\/v2\/pages\/41951\/revisions"}],"predecessor-version":[{"id":43522,"href":"https:\/\/www.gdbs-provence.fr\/index.php?rest_route=\/wp\/v2\/pages\/41951\/revisions\/43522"}],"wp:attachment":[{"href":"https:\/\/www.gdbs-provence.fr\/index.php?rest_route=%2Fwp%2Fv2%2Fmedia&parent=41951"}],"curies":[{"name":"wp","href":"https:\/\/api.w.org\/{rel}","templated":true}]}}